{"id":3079,"date":"2019-08-28T19:57:41","date_gmt":"2019-08-28T17:57:41","guid":{"rendered":"http:\/\/www.ecta.sk\/?page_id=3079"},"modified":"2025-03-20T08:59:06","modified_gmt":"2025-03-20T07:59:06","slug":"zustimmung-zu-den-parteien","status":"publish","type":"page","link":"https:\/\/www.ecta.sk\/de\/suhlas-na-stranke\/","title":{"rendered":"Einverst\u00e4ndnis auf der Seite"},"content":{"rendered":"<div data-elementor-type=\"wp-post\" data-elementor-id=\"3079\" class=\"elementor elementor-3079\">\n\t\t\t\t\t\t<div class=\"elementor-inner\">\n\t\t\t\t<div class=\"elementor-section-wrap\">\n\t\t\t\t\t\t\t\t\t<section class=\"elementor-section elementor-top-section elementor-element elementor-element-462c8ed elementor-section-boxed elementor-section-height-default elementor-section-height-default\" data-id=\"462c8ed\" data-element_type=\"section\">\n\t\t\t\t\t\t<div class=\"elementor-container elementor-column-gap-extended\">\n\t\t\t\t\t\t\t<div class=\"elementor-row\">\n\t\t\t\t\t<div class=\"elementor-column elementor-col-100 elementor-top-column elementor-element elementor-element-b7a3b60 sc_inner_width_none sc_layouts_column_icons_position_left\" data-id=\"b7a3b60\" data-element_type=\"column\">\n\t\t\t<div class=\"elementor-column-wrap elementor-element-populated\">\n\t\t\t\t\t\t\t<div class=\"elementor-widget-wrap\">\n\t\t\t\t\t\t<div class=\"elementor-element elementor-element-66f7489 elementor-widget elementor-widget-spacer\" data-id=\"66f7489\" data-element_type=\"widget\" data-widget_type=\"spacer.default\">\n\t\t\t\t<div class=\"elementor-widget-container\">\n\t\t\t\t\t<div class=\"elementor-spacer\">\n\t\t\t<div class=\"elementor-spacer-inner\"><\/div>\n\t\t<\/div>\n\t\t\t\t<\/div>\n\t\t\t\t<\/div>\n\t\t\t\t<div class=\"elementor-element elementor-element-e613cbb elementor-widget elementor-widget-menu-anchor\" data-id=\"e613cbb\" data-element_type=\"widget\" data-widget_type=\"menu-anchor.default\">\n\t\t\t\t<div class=\"elementor-widget-container\">\n\t\t\t\t\t<div id=\"poziadavky\" class=\"elementor-menu-anchor\"><\/div>\n\t\t\t\t<\/div>\n\t\t\t\t<\/div>\n\t\t\t\t\t\t<\/div>\n\t\t\t\t\t<\/div>\n\t\t<\/div>\n\t\t\t\t\t\t\t\t<\/div>\n\t\t\t\t\t<\/div>\n\t\t<\/section>\n\t\t\t\t<section class=\"elementor-section elementor-top-section elementor-element elementor-element-0bd709a elementor-section-boxed elementor-section-height-default elementor-section-height-default\" data-id=\"0bd709a\" data-element_type=\"section\" data-settings=\"{&quot;background_background&quot;:&quot;classic&quot;}\">\n\t\t\t\t\t\t<div class=\"elementor-container elementor-column-gap-extended\">\n\t\t\t\t\t\t\t<div class=\"elementor-row\">\n\t\t\t\t\t<div class=\"elementor-column elementor-col-100 elementor-top-column elementor-element elementor-element-fa10062 sc_inner_width_none sc_layouts_column_icons_position_left\" data-id=\"fa10062\" data-element_type=\"column\">\n\t\t\t<div class=\"elementor-column-wrap elementor-element-populated\">\n\t\t\t\t\t\t\t<div class=\"elementor-widget-wrap\">\n\t\t\t\t\t\t<div class=\"elementor-element elementor-element-3e4fe59 elementor-widget elementor-widget-trx_sc_title\" data-id=\"3e4fe59\" data-element_type=\"widget\" data-widget_type=\"trx_sc_title.default\">\n\t\t\t\t<div class=\"elementor-widget-container\">\n\t\t\t<div id=\"trx_sc_title_1396008541\"\n\t\tclass=\"sc_title sc_title_default\"><h5 class=\"sc_item_title sc_title_title sc_align_none sc_item_title_style_default sc_item_title_tag\">Ich m\u00f6chte bez\u00fcglich meiner Anfragen \u00fcber das Kontaktformular kontaktiert werden (erforderlich)<\/h5><\/div><!-- \/.sc_title -->\t\t<\/div>\n\t\t\t\t<\/div>\n\t\t\t\t<div class=\"elementor-element elementor-element-a6c902c elementor-widget elementor-widget-spacer\" data-id=\"a6c902c\" data-element_type=\"widget\" data-widget_type=\"spacer.default\">\n\t\t\t\t<div class=\"elementor-widget-container\">\n\t\t\t\t\t<div class=\"elementor-spacer\">\n\t\t\t<div class=\"elementor-spacer-inner\"><\/div>\n\t\t<\/div>\n\t\t\t\t<\/div>\n\t\t\t\t<\/div>\n\t\t\t\t<div class=\"elementor-element elementor-element-fe1dd6c elementor-widget elementor-widget-text-editor\" data-id=\"fe1dd6c\" data-element_type=\"widget\" data-widget_type=\"text-editor.default\">\n\t\t\t\t<div class=\"elementor-widget-container\">\n\t\t\t\t\t\t\t\t<div class=\"elementor-text-editor elementor-clearfix\">\n\t\t\t\t<p class=\"p1\"><span class=\"s1\">Mit dem Ausf\u00fcllen und \u00dcbermitteln der Daten in diesem Kontaktformular erteile ich meine ausdr\u00fcckliche Zustimmung zur Verarbeitung meiner personenbezogenen Daten im Sinne der Verordnung (EU) 2016\/679 des Europ\u00e4ischen Parlaments und des Rates vom 27. April 2016 zum Schutz nat\u00fcrlicher Personen bei der Verarbeitung personenbezogener Daten, zum freien Datenverkehr und zur Aufhebung der Richtlinie 95\/46\/EG (Datenschutz-Grundverordnung) (nachfolgend \"DSGVO\" genannt).<span class=\"Apple-converted-space\">\u00a0 <\/span>und Gesetz Nr. 18\/2018 Slg. \u00fcber den Schutz personenbezogener Daten der ECTA, s.r.o., mit Sitz in R\u00e9vov\u00e1 7, 811 02 Bratislava, ID-Nr.: 35 871 431, eingetragen im Handelsregister <span data-teams=\"true\"><span class=\"ui-provider a b c d e f g h i j k l m n o p q r s t u v w x y z ab ac ae af ag ah ai aj ak\" dir=\"ltr\">des Stadtgerichts Bratislava III<\/span><\/span>, Sektion: Sro, Aktenzeichen: 30218\/B (im Folgenden \"Betreiber\" genannt) in dem in diesem Kontaktformular angegebenen Umfang zum Zwecke der Kontaktaufnahme mit mir im Zusammenhang mit den in diesem Kontaktformular gestellten Anfragen.<\/span><\/p>\t\t\t\t\t<\/div>\n\t\t\t\t\t\t<\/div>\n\t\t\t\t<\/div>\n\t\t\t\t\t\t<\/div>\n\t\t\t\t\t<\/div>\n\t\t<\/div>\n\t\t\t\t\t\t\t\t<\/div>\n\t\t\t\t\t<\/div>\n\t\t<\/section>\n\t\t\t\t<section class=\"elementor-section elementor-top-section elementor-element elementor-element-1d2789d elementor-section-boxed elementor-section-height-default elementor-section-height-default\" data-id=\"1d2789d\" data-element_type=\"section\">\n\t\t\t\t\t\t<div class=\"elementor-container elementor-column-gap-extended\">\n\t\t\t\t\t\t\t<div class=\"elementor-row\">\n\t\t\t\t\t<div class=\"elementor-column elementor-col-100 elementor-top-column elementor-element elementor-element-7ab24fe sc_inner_width_none sc_layouts_column_icons_position_left\" data-id=\"7ab24fe\" data-element_type=\"column\">\n\t\t\t<div class=\"elementor-column-wrap elementor-element-populated\">\n\t\t\t\t\t\t\t<div class=\"elementor-widget-wrap\">\n\t\t\t\t\t\t<div class=\"elementor-element elementor-element-aa627d9 elementor-widget elementor-widget-spacer\" data-id=\"aa627d9\" data-element_type=\"widget\" data-widget_type=\"spacer.default\">\n\t\t\t\t<div class=\"elementor-widget-container\">\n\t\t\t\t\t<div class=\"elementor-spacer\">\n\t\t\t<div class=\"elementor-spacer-inner\"><\/div>\n\t\t<\/div>\n\t\t\t\t<\/div>\n\t\t\t\t<\/div>\n\t\t\t\t<div class=\"elementor-element elementor-element-485a7e2 elementor-widget elementor-widget-menu-anchor\" data-id=\"485a7e2\" data-element_type=\"widget\" data-widget_type=\"menu-anchor.default\">\n\t\t\t\t<div class=\"elementor-widget-container\">\n\t\t\t\t\t<div id=\"marketing\" class=\"elementor-menu-anchor\"><\/div>\n\t\t\t\t<\/div>\n\t\t\t\t<\/div>\n\t\t\t\t\t\t<\/div>\n\t\t\t\t\t<\/div>\n\t\t<\/div>\n\t\t\t\t\t\t\t\t<\/div>\n\t\t\t\t\t<\/div>\n\t\t<\/section>\n\t\t\t\t<section class=\"elementor-section elementor-top-section elementor-element elementor-element-fc9bbb4 elementor-section-boxed elementor-section-height-default elementor-section-height-default\" data-id=\"fc9bbb4\" data-element_type=\"section\" data-settings=\"{&quot;background_background&quot;:&quot;classic&quot;}\">\n\t\t\t\t\t\t<div class=\"elementor-container elementor-column-gap-extended\">\n\t\t\t\t\t\t\t<div class=\"elementor-row\">\n\t\t\t\t\t<div class=\"elementor-column elementor-col-100 elementor-top-column elementor-element elementor-element-67522ef sc_inner_width_none sc_layouts_column_icons_position_left\" data-id=\"67522ef\" data-element_type=\"column\">\n\t\t\t<div class=\"elementor-column-wrap elementor-element-populated\">\n\t\t\t\t\t\t\t<div class=\"elementor-widget-wrap\">\n\t\t\t\t\t\t<div class=\"elementor-element elementor-element-45fd99b elementor-widget elementor-widget-trx_sc_title\" data-id=\"45fd99b\" data-element_type=\"widget\" data-widget_type=\"trx_sc_title.default\">\n\t\t\t\t<div class=\"elementor-widget-container\">\n\t\t\t<div id=\"trx_sc_title_1632906101\"\n\t\tclass=\"sc_title sc_title_default\"><h5 class=\"sc_item_title sc_title_title sc_align_none sc_item_title_style_default sc_item_title_tag\">Ich m\u00f6chte \u00fcber Neuigkeiten, Produkte und Dienstleistungen durch Verkaufs- und Marketinginformationen informiert werden.\u00a0<\/h5><\/div><!-- \/.sc_title -->\t\t<\/div>\n\t\t\t\t<\/div>\n\t\t\t\t<div class=\"elementor-element elementor-element-0c872f6 elementor-widget elementor-widget-spacer\" data-id=\"0c872f6\" data-element_type=\"widget\" data-widget_type=\"spacer.default\">\n\t\t\t\t<div class=\"elementor-widget-container\">\n\t\t\t\t\t<div class=\"elementor-spacer\">\n\t\t\t<div class=\"elementor-spacer-inner\"><\/div>\n\t\t<\/div>\n\t\t\t\t<\/div>\n\t\t\t\t<\/div>\n\t\t\t\t<div class=\"elementor-element elementor-element-20ce67c elementor-widget elementor-widget-text-editor\" data-id=\"20ce67c\" data-element_type=\"widget\" data-widget_type=\"text-editor.default\">\n\t\t\t\t<div class=\"elementor-widget-container\">\n\t\t\t\t\t\t\t\t<div class=\"elementor-text-editor elementor-clearfix\">\n\t\t\t\t<p class=\"p1\"><span class=\"s1\">Durch Ankreuzen des K\u00e4stchens, Ausf\u00fcllen und Absenden der Daten im Kontaktformular gebe ich meine ausdr\u00fcckliche Zustimmung zur Verarbeitung meiner personenbezogenen Daten gem\u00e4\u00df der Verordnung (EU) 2016\/679 des Europ\u00e4ischen Parlaments und des Rates vom 27. April 2016 zum Schutz nat\u00fcrlicher Personen bei der Verarbeitung personenbezogener Daten, zum freien Datenverkehr und zur Aufhebung der Richtlinie 95\/46\/EG (Datenschutz-Grundverordnung) (im Folgenden \"DSGVO\").<span class=\"Apple-converted-space\">\u00a0 <\/span>und Gesetz Nr. 18\/2018 Slg. \u00fcber den Schutz personenbezogener Daten der ECTA, s.r.o., mit Sitz in R\u00e9vov\u00e1 7, 811 02 Bratislava, ID-Nr.: 35 871 431, eingetragen im Handelsregister <span data-teams=\"true\"><span class=\"ui-provider a b c d e f g h i j k l m n o p q r s t u v w x y z ab ac ae af ag ah ai aj ak\" dir=\"ltr\">des Stadtgerichts Bratislava III<\/span><\/span>, Sektion: Sro, Aktenzeichen: 30218\/B (im Folgenden \"Betreiber\" genannt) in dem in diesem Kontaktformular angegebenen Umfang, d.h. zum Zwecke der Zusendung von Gesch\u00e4ftsinformationen des Betreibers per Telefon oder per E-Mail, insbesondere gem\u00e4\u00df Gesetz Nr. 147\/2001 Slg. \u00fcber Werbung und Gesetz Nr. 351\/2011 Slg. \u00fcber elektronische Kommunikation. Ich erteile meine Zustimmung bis zum Widerruf dieser Zustimmung, f\u00fcr einen Zeitraum von maximal 2 Jahren.<\/span><\/p>\t\t\t\t\t<\/div>\n\t\t\t\t\t\t<\/div>\n\t\t\t\t<\/div>\n\t\t\t\t\t\t<\/div>\n\t\t\t\t\t<\/div>\n\t\t<\/div>\n\t\t\t\t\t\t\t\t<\/div>\n\t\t\t\t\t<\/div>\n\t\t<\/section>\n\t\t\t\t<section class=\"elementor-section elementor-top-section elementor-element elementor-element-d511168 elementor-section-boxed elementor-section-height-default elementor-section-height-default\" data-id=\"d511168\" data-element_type=\"section\">\n\t\t\t\t\t\t<div class=\"elementor-container elementor-column-gap-extended\">\n\t\t\t\t\t\t\t<div class=\"elementor-row\">\n\t\t\t\t\t<div class=\"elementor-column elementor-col-100 elementor-top-column elementor-element elementor-element-82b6582 sc_inner_width_none sc_layouts_column_icons_position_left\" data-id=\"82b6582\" data-element_type=\"column\">\n\t\t\t<div class=\"elementor-column-wrap\">\n\t\t\t\t\t\t\t<div class=\"elementor-widget-wrap\">\n\t\t\t\t\t\t\t\t<\/div>\n\t\t\t\t\t<\/div>\n\t\t<\/div>\n\t\t\t\t\t\t\t\t<\/div>\n\t\t\t\t\t<\/div>\n\t\t<\/section>\n\t\t\t\t\t\t\t\t\t<\/div>\n\t\t\t<\/div>\n\t\t\t\t\t<\/div>","protected":false},"excerpt":{"rendered":"<p>Chcem by\u0165 kontaktovan\u00fd v\u00a0s\u00favislosti s\u00a0mojimi po\u017eiadavkami uveden\u00fdmi v\u00a0kontaktnom formul\u00e1ri (povinn\u00e9) Vyplnen\u00edm a\u00a0odoslan\u00edm \u00fadajov v\u00a0tomto kontaktnom formul\u00e1ri ude\u013eujem v\u00fdslovn\u00fd s\u00fahlas so&hellip;<\/p>","protected":false},"author":2,"featured_media":0,"parent":0,"menu_order":0,"comment_status":"closed","ping_status":"closed","template":"","meta":{"footnotes":""},"class_list":["post-3079","page","type-page","status-publish","hentry"],"yoast_head":"<!-- This site is optimized with the Yoast SEO plugin v27.4 - https:\/\/yoast.com\/product\/yoast-seo-wordpress\/ -->\n<title>S\u00fahlas na str\u00e1nke - ECTA, s.r.o.<\/title>\n<meta name=\"robots\" content=\"index, follow, max-snippet:-1, max-image-preview:large, max-video-preview:-1\" \/>\n<link rel=\"canonical\" href=\"https:\/\/www.ecta.sk\/de\/zustimmung-zu-den-parteien\/\" \/>\n<meta property=\"og:locale\" content=\"de_DE\" \/>\n<meta property=\"og:type\" content=\"article\" \/>\n<meta property=\"og:title\" content=\"S\u00fahlas na str\u00e1nke - ECTA, s.r.o.\" \/>\n<meta property=\"og:description\" content=\"Chcem by\u0165 kontaktovan\u00fd v\u00a0s\u00favislosti s\u00a0mojimi po\u017eiadavkami uveden\u00fdmi v\u00a0kontaktnom formul\u00e1ri (povinn\u00e9) Vyplnen\u00edm a\u00a0odoslan\u00edm \u00fadajov v\u00a0tomto kontaktnom formul\u00e1ri ude\u013eujem v\u00fdslovn\u00fd s\u00fahlas so&hellip;\" \/>\n<meta property=\"og:url\" content=\"https:\/\/www.ecta.sk\/de\/zustimmung-zu-den-parteien\/\" \/>\n<meta property=\"og:site_name\" content=\"ECTA, s.r.o.\" \/>\n<meta property=\"article:modified_time\" content=\"2025-03-20T07:59:06+00:00\" \/>\n<meta name=\"twitter:card\" content=\"summary_large_image\" \/>\n<meta name=\"twitter:label1\" content=\"Gesch\u00e4tzte Lesezeit\" \/>\n\t<meta name=\"twitter:data1\" content=\"2 Minuten\" \/>\n<script type=\"application\/ld+json\" class=\"yoast-schema-graph\">{\"@context\":\"https:\\\/\\\/schema.org\",\"@graph\":[{\"@type\":\"WebPage\",\"@id\":\"https:\\\/\\\/www.ecta.sk\\\/suhlas-na-stranke\\\/\",\"url\":\"https:\\\/\\\/www.ecta.sk\\\/suhlas-na-stranke\\\/\",\"name\":\"S\u00fahlas na str\u00e1nke - ECTA, s.r.o.\",\"isPartOf\":{\"@id\":\"https:\\\/\\\/www.ecta.sk\\\/#website\"},\"datePublished\":\"2019-08-28T17:57:41+00:00\",\"dateModified\":\"2025-03-20T07:59:06+00:00\",\"breadcrumb\":{\"@id\":\"https:\\\/\\\/www.ecta.sk\\\/suhlas-na-stranke\\\/#breadcrumb\"},\"inLanguage\":\"de-AT\",\"potentialAction\":[{\"@type\":\"ReadAction\",\"target\":[\"https:\\\/\\\/www.ecta.sk\\\/suhlas-na-stranke\\\/\"]}]},{\"@type\":\"BreadcrumbList\",\"@id\":\"https:\\\/\\\/www.ecta.sk\\\/suhlas-na-stranke\\\/#breadcrumb\",\"itemListElement\":[{\"@type\":\"ListItem\",\"position\":1,\"name\":\"Home\",\"item\":\"https:\\\/\\\/www.ecta.sk\\\/\"},{\"@type\":\"ListItem\",\"position\":2,\"name\":\"S\u00fahlas na str\u00e1nke\"}]},{\"@type\":\"WebSite\",\"@id\":\"https:\\\/\\\/www.ecta.sk\\\/#website\",\"url\":\"https:\\\/\\\/www.ecta.sk\\\/\",\"name\":\"ECTA, s.r.o.\",\"description\":\"ISO normy. \u0160tandardy. GDPR. Mana\u017e\u00e9rstvo kvality. Implement\u00e1cia syst\u00e9mov. Intern\u00fd audit. Pr\u00edprava na certifik\u00e1ciu.\",\"publisher\":{\"@id\":\"https:\\\/\\\/www.ecta.sk\\\/#organization\"},\"potentialAction\":[{\"@type\":\"SearchAction\",\"target\":{\"@type\":\"EntryPoint\",\"urlTemplate\":\"https:\\\/\\\/www.ecta.sk\\\/?s={search_term_string}\"},\"query-input\":{\"@type\":\"PropertyValueSpecification\",\"valueRequired\":true,\"valueName\":\"search_term_string\"}}],\"inLanguage\":\"de-AT\"},{\"@type\":\"Organization\",\"@id\":\"https:\\\/\\\/www.ecta.sk\\\/#organization\",\"name\":\"ECTA, s.r.o.\",\"url\":\"https:\\\/\\\/www.ecta.sk\\\/\",\"logo\":{\"@type\":\"ImageObject\",\"inLanguage\":\"de-AT\",\"@id\":\"https:\\\/\\\/www.ecta.sk\\\/#\\\/schema\\\/logo\\\/image\\\/\",\"url\":\"https:\\\/\\\/www.ecta.sk\\\/wp-content\\\/uploads\\\/2025\\\/09\\\/ecta_consulting_white.svg\",\"contentUrl\":\"https:\\\/\\\/www.ecta.sk\\\/wp-content\\\/uploads\\\/2025\\\/09\\\/ecta_consulting_white.svg\",\"width\":1706,\"height\":872,\"caption\":\"ECTA, s.r.o.\"},\"image\":{\"@id\":\"https:\\\/\\\/www.ecta.sk\\\/#\\\/schema\\\/logo\\\/image\\\/\"}}]}<\/script>\n<!-- \/ Yoast SEO plugin. -->","yoast_head_json":{"title":"Zustimmung auf der Seite - ECTA, s.r.o.","robots":{"index":"index","follow":"follow","max-snippet":"max-snippet:-1","max-image-preview":"max-image-preview:large","max-video-preview":"max-video-preview:-1"},"canonical":"https:\/\/www.ecta.sk\/de\/zustimmung-zu-den-parteien\/","og_locale":"de_DE","og_type":"article","og_title":"S\u00fahlas na str\u00e1nke - ECTA, s.r.o.","og_description":"Chcem by\u0165 kontaktovan\u00fd v\u00a0s\u00favislosti s\u00a0mojimi po\u017eiadavkami uveden\u00fdmi v\u00a0kontaktnom formul\u00e1ri (povinn\u00e9) Vyplnen\u00edm a\u00a0odoslan\u00edm \u00fadajov v\u00a0tomto kontaktnom formul\u00e1ri ude\u013eujem v\u00fdslovn\u00fd s\u00fahlas so&hellip;","og_url":"https:\/\/www.ecta.sk\/de\/zustimmung-zu-den-parteien\/","og_site_name":"ECTA, s.r.o.","article_modified_time":"2025-03-20T07:59:06+00:00","twitter_card":"summary_large_image","twitter_misc":{"Gesch\u00e4tzte Lesezeit":"2 Minuten"},"schema":{"@context":"https:\/\/schema.org","@graph":[{"@type":"WebPage","@id":"https:\/\/www.ecta.sk\/suhlas-na-stranke\/","url":"https:\/\/www.ecta.sk\/suhlas-na-stranke\/","name":"Zustimmung auf der Seite - ECTA, s.r.o.","isPartOf":{"@id":"https:\/\/www.ecta.sk\/#website"},"datePublished":"2019-08-28T17:57:41+00:00","dateModified":"2025-03-20T07:59:06+00:00","breadcrumb":{"@id":"https:\/\/www.ecta.sk\/suhlas-na-stranke\/#breadcrumb"},"inLanguage":"de-AT","potentialAction":[{"@type":"ReadAction","target":["https:\/\/www.ecta.sk\/suhlas-na-stranke\/"]}]},{"@type":"BreadcrumbList","@id":"https:\/\/www.ecta.sk\/suhlas-na-stranke\/#breadcrumb","itemListElement":[{"@type":"ListItem","position":1,"name":"Home","item":"https:\/\/www.ecta.sk\/"},{"@type":"ListItem","position":2,"name":"S\u00fahlas na str\u00e1nke"}]},{"@type":"WebSite","@id":"https:\/\/www.ecta.sk\/#website","url":"https:\/\/www.ecta.sk\/","name":"ECTA, s.r.o.","description":"ISO-Normen. Normen. GDPR. Qualit\u00e4tsmanagement. Einf\u00fchrung von Systemen. Internes Audit. Vorbereitung auf die Zertifizierung.","publisher":{"@id":"https:\/\/www.ecta.sk\/#organization"},"potentialAction":[{"@type":"SearchAction","target":{"@type":"EntryPoint","urlTemplate":"https:\/\/www.ecta.sk\/?s={search_term_string}"},"query-input":{"@type":"PropertyValueSpecification","valueRequired":true,"valueName":"search_term_string"}}],"inLanguage":"de-AT"},{"@type":"Organization","@id":"https:\/\/www.ecta.sk\/#organization","name":"ECTA, s.r.o.","url":"https:\/\/www.ecta.sk\/","logo":{"@type":"ImageObject","inLanguage":"de-AT","@id":"https:\/\/www.ecta.sk\/#\/schema\/logo\/image\/","url":"https:\/\/www.ecta.sk\/wp-content\/uploads\/2025\/09\/ecta_consulting_white.svg","contentUrl":"https:\/\/www.ecta.sk\/wp-content\/uploads\/2025\/09\/ecta_consulting_white.svg","width":1706,"height":872,"caption":"ECTA, s.r.o."},"image":{"@id":"https:\/\/www.ecta.sk\/#\/schema\/logo\/image\/"}}]}},"_links":{"self":[{"href":"https:\/\/www.ecta.sk\/de\/wp-json\/wp\/v2\/pages\/3079","targetHints":{"allow":["GET"]}}],"collection":[{"href":"https:\/\/www.ecta.sk\/de\/wp-json\/wp\/v2\/pages"}],"about":[{"href":"https:\/\/www.ecta.sk\/de\/wp-json\/wp\/v2\/types\/page"}],"author":[{"embeddable":true,"href":"https:\/\/www.ecta.sk\/de\/wp-json\/wp\/v2\/users\/2"}],"replies":[{"embeddable":true,"href":"https:\/\/www.ecta.sk\/de\/wp-json\/wp\/v2\/comments?post=3079"}],"version-history":[{"count":9,"href":"https:\/\/www.ecta.sk\/de\/wp-json\/wp\/v2\/pages\/3079\/revisions"}],"predecessor-version":[{"id":5662,"href":"https:\/\/www.ecta.sk\/de\/wp-json\/wp\/v2\/pages\/3079\/revisions\/5662"}],"wp:attachment":[{"href":"https:\/\/www.ecta.sk\/de\/wp-json\/wp\/v2\/media?parent=3079"}],"curies":[{"name":"wp","href":"https:\/\/api.w.org\/{rel}","templated":true}]}}